{"id":5444,"date":"2025-08-21T09:01:59","date_gmt":"2025-08-21T07:01:59","guid":{"rendered":"https:\/\/icp.novama.cz\/%d0%b7%d0%b0%d1%85%d0%be%d0%b4%d0%b8"},"modified":"2025-10-29T08:48:23","modified_gmt":"2025-10-29T07:48:23","slug":"%d0%b7%d0%b0%d1%85%d0%be%d0%b4%d0%b8","status":"publish","type":"page","link":"https:\/\/icpraha.com\/uk\/%d0%b7%d0%b0%d1%85%d0%be%d0%b4%d0%b8","title":{"rendered":"\u0417\u0430\u0445\u043e\u0434\u0438"},"content":{"rendered":"\n<div class=\"wp-block-query is-layout-flow wp-block-query-is-layout-flow\"><ul class=\"wp-block-post-template is-layout-flow wp-block-post-template-is-layout-flow\"><li class=\"wp-block-post post-8319 akce type-akce status-publish hentry\">\n\n<div class=\"wp-block-group is-style-section-1 is-vertical is-layout-flex wp-container-core-group-is-layout-c35747d5 wp-block-group-is-layout-flex is-style-section-1--1\">\n<div class=\"wp-block-group alignfull is-vertical is-layout-flex wp-container-core-group-is-layout-f3cf2045 wp-block-group-is-layout-flex\" style=\"margin-top:0;margin-bottom:0;padding-top:0;padding-bottom:0\"><h2 class=\"make-card-link wp-block-post-title has-large-font-size\"><a href=\"https:\/\/icpraha.com\/uk\/akce\/spanish-conversation-club\" target=\"_self\" >Club de conversaci\u00f3n en espa\u00f1ol<\/a><\/h2>\n\n\n<div class=\"wp-block-group alignfull is-layout-flex wp-block-group-is-layout-flex\"><div class=\"is-display-inline-block is-acf-field wp-elements-72b7f5e06aad2c565e9e389ffacc89d5 wp-block-mfb-meta-field-block has-text-color has-custom-semi-black-color has-small-font-size\"><div class=\"prefix\">event<\/div><div class=\"value\">01. 05. 2026<\/div><\/div>\n\n<div class=\"is-display-inline-block is-acf-field wp-elements-d30a549be49c1d113477b436cbfd3418 wp-block-mfb-meta-field-block has-text-color has-custom-semi-black-color has-small-font-size\"><div class=\"prefix\">event<\/div><div class=\"value\">08. 05. 2026<\/div><\/div>\n\n<div class=\"is-display-inline-block is-acf-field wp-elements-6146c7fa87fe88b1603c0bd14be50f77 wp-block-mfb-meta-field-block has-text-color has-custom-semi-black-color has-small-font-size\"><div class=\"prefix\">schedule<\/div><div class=\"value\">15:00 &#8211; 16:00<\/div><\/div>\n\n<div class=\"is-display-inline-block is-acf-field wp-elements-088047ed91c95adfc816d39127efab84 wp-block-mfb-meta-field-block has-text-color has-custom-semi-black-color has-small-font-size\"><div class=\"prefix\">location_on<\/div><div class=\"value\">\u017ditn\u00e1 51, Praha 1<\/div><\/div><\/div>\n<\/div>\n\n\n\n<p class=\"has-text-align-left no-wrap has-custom-black-color has-custom-secondary-background-color has-text-color has-background has-link-color has-material-symbols-rounded-font-family has-medium-font-size wp-elements-42fa940ac6cbc0ebf6452683daa982cd\" style=\"border-radius:100%;padding-top:0.5rem;padding-right:0.5rem;padding-bottom:0.5rem;padding-left:0.5rem;line-height:1\">arrow_forward<\/p>\n<\/div>\n\n<\/li><li class=\"wp-block-post post-8388 akce type-akce status-publish hentry\">\n\n<div class=\"wp-block-group is-style-section-1 is-vertical is-layout-flex wp-container-core-group-is-layout-c35747d5 wp-block-group-is-layout-flex is-style-section-1--2\">\n<div class=\"wp-block-group alignfull is-vertical is-layout-flex wp-container-core-group-is-layout-f3cf2045 wp-block-group-is-layout-flex\" style=\"margin-top:0;margin-bottom:0;padding-top:0;padding-bottom:0\"><h2 class=\"make-card-link wp-block-post-title has-large-font-size\"><a href=\"https:\/\/icpraha.com\/uk\/akce\/konverzacni-klub-cestiny\" target=\"_self\" >Konverza\u010dn\u00ed klub \u010de\u0161tiny<\/a><\/h2>\n\n\n<div class=\"wp-block-group alignfull is-layout-flex wp-block-group-is-layout-flex\"><div class=\"is-display-inline-block is-acf-field wp-elements-72b7f5e06aad2c565e9e389ffacc89d5 wp-block-mfb-meta-field-block has-text-color has-custom-semi-black-color has-small-font-size\"><div class=\"prefix\">event<\/div><div class=\"value\">07. 05. 2026<\/div><\/div>\n\n<div class=\"is-display-inline-block is-acf-field wp-elements-d30a549be49c1d113477b436cbfd3418 wp-block-mfb-meta-field-block has-text-color has-custom-semi-black-color has-small-font-size\"><div class=\"prefix\">event<\/div><div class=\"value\">14. 05. 2026<\/div><\/div>\n\n<div class=\"is-display-inline-block is-acf-field wp-elements-6146c7fa87fe88b1603c0bd14be50f77 wp-block-mfb-meta-field-block has-text-color has-custom-semi-black-color has-small-font-size\"><div class=\"prefix\">schedule<\/div><div class=\"value\">17:30 &#8211; 19:00<\/div><\/div>\n\n<div class=\"is-display-inline-block is-acf-field wp-elements-088047ed91c95adfc816d39127efab84 wp-block-mfb-meta-field-block has-text-color has-custom-semi-black-color has-small-font-size\"><div class=\"prefix\">location_on<\/div><div class=\"value\">M\u011bstsk\u00e1 knihovna v Praze OC Lu\u017einy<\/div><\/div><\/div>\n<\/div>\n\n\n\n<p class=\"has-text-align-left no-wrap has-custom-black-color has-custom-secondary-background-color has-text-color has-background has-link-color has-material-symbols-rounded-font-family has-medium-font-size wp-elements-42fa940ac6cbc0ebf6452683daa982cd\" style=\"border-radius:100%;padding-top:0.5rem;padding-right:0.5rem;padding-bottom:0.5rem;padding-left:0.5rem;line-height:1\">arrow_forward<\/p>\n<\/div>\n\n<\/li><li class=\"wp-block-post post-5603 akce type-akce status-publish hentry\">\n\n<div class=\"wp-block-group is-style-section-1 is-vertical is-layout-flex wp-container-core-group-is-layout-c35747d5 wp-block-group-is-layout-flex is-style-section-1--3\">\n<div class=\"wp-block-group alignfull is-vertical is-layout-flex wp-container-core-group-is-layout-f3cf2045 wp-block-group-is-layout-flex\" style=\"margin-top:0;margin-bottom:0;padding-top:0;padding-bottom:0\"><h2 class=\"make-card-link wp-block-post-title has-large-font-size\"><a href=\"https:\/\/icpraha.com\/uk\/akce\/finnish-afternoon\" target=\"_self\" >Finnish afternoon<\/a><\/h2>\n\n\n<div class=\"wp-block-group alignfull is-layout-flex wp-block-group-is-layout-flex\"><div class=\"is-display-inline-block is-acf-field wp-elements-72b7f5e06aad2c565e9e389ffacc89d5 wp-block-mfb-meta-field-block has-text-color has-custom-semi-black-color has-small-font-size\"><div class=\"prefix\">event<\/div><div class=\"value\">06. 05. 2026<\/div><\/div>\n\n\n\n<div class=\"is-display-inline-block is-acf-field wp-elements-6146c7fa87fe88b1603c0bd14be50f77 wp-block-mfb-meta-field-block has-text-color has-custom-semi-black-color has-small-font-size\"><div class=\"prefix\">schedule<\/div><div class=\"value\">17:00\u201318:00<\/div><\/div>\n\n<div class=\"is-display-inline-block is-acf-field wp-elements-088047ed91c95adfc816d39127efab84 wp-block-mfb-meta-field-block has-text-color has-custom-semi-black-color has-small-font-size\"><div class=\"prefix\">location_on<\/div><div class=\"value\">\u017ditn\u00e1 51, Praha 1<\/div><\/div><\/div>\n<\/div>\n\n\n\n<p class=\"has-text-align-left no-wrap has-custom-black-color has-custom-secondary-background-color has-text-color has-background has-link-color has-material-symbols-rounded-font-family has-medium-font-size wp-elements-42fa940ac6cbc0ebf6452683daa982cd\" style=\"border-radius:100%;padding-top:0.5rem;padding-right:0.5rem;padding-bottom:0.5rem;padding-left:0.5rem;line-height:1\">arrow_forward<\/p>\n<\/div>\n\n<\/li><li class=\"wp-block-post post-8315 akce type-akce status-publish hentry\">\n\n<div class=\"wp-block-group is-style-section-1 is-vertical is-layout-flex wp-container-core-group-is-layout-c35747d5 wp-block-group-is-layout-flex is-style-section-1--4\">\n<div class=\"wp-block-group alignfull is-vertical is-layout-flex wp-container-core-group-is-layout-f3cf2045 wp-block-group-is-layout-flex\" style=\"margin-top:0;margin-bottom:0;padding-top:0;padding-bottom:0\"><h2 class=\"make-card-link wp-block-post-title has-large-font-size\"><a href=\"https:\/\/icpraha.com\/uk\/akce\/english-conversation-club\" target=\"_self\" >English Conversation Club<\/a><\/h2>\n\n\n<div class=\"wp-block-group alignfull is-layout-flex wp-block-group-is-layout-flex\"><div class=\"is-display-inline-block is-acf-field wp-elements-72b7f5e06aad2c565e9e389ffacc89d5 wp-block-mfb-meta-field-block has-text-color has-custom-semi-black-color has-small-font-size\"><div class=\"prefix\">event<\/div><div class=\"value\">04. 05. 2026<\/div><\/div>\n\n<div class=\"is-display-inline-block is-acf-field wp-elements-d30a549be49c1d113477b436cbfd3418 wp-block-mfb-meta-field-block has-text-color has-custom-semi-black-color has-small-font-size\"><div class=\"prefix\">event<\/div><div class=\"value\">11. 05. 2026<\/div><\/div>\n\n<div class=\"is-display-inline-block is-acf-field wp-elements-6146c7fa87fe88b1603c0bd14be50f77 wp-block-mfb-meta-field-block has-text-color has-custom-semi-black-color has-small-font-size\"><div class=\"prefix\">schedule<\/div><div class=\"value\">16:30 &#8211; 18:30<\/div><\/div>\n\n<div class=\"is-display-inline-block is-acf-field wp-elements-088047ed91c95adfc816d39127efab84 wp-block-mfb-meta-field-block has-text-color has-custom-semi-black-color has-small-font-size\"><div class=\"prefix\">location_on<\/div><div class=\"value\">\u017ditn\u00e1 1574\/51<\/div><\/div><\/div>\n<\/div>\n\n\n\n<p class=\"has-text-align-left no-wrap has-custom-black-color has-custom-secondary-background-color has-text-color has-background has-link-color has-material-symbols-rounded-font-family has-medium-font-size wp-elements-42fa940ac6cbc0ebf6452683daa982cd\" style=\"border-radius:100%;padding-top:0.5rem;padding-right:0.5rem;padding-bottom:0.5rem;padding-left:0.5rem;line-height:1\">arrow_forward<\/p>\n<\/div>\n\n<\/li><li class=\"wp-block-post post-8323 akce type-akce status-publish hentry\">\n\n<div class=\"wp-block-group is-style-section-1 is-vertical is-layout-flex wp-container-core-group-is-layout-c35747d5 wp-block-group-is-layout-flex is-style-section-1--5\">\n<div class=\"wp-block-group alignfull is-vertical is-layout-flex wp-container-core-group-is-layout-f3cf2045 wp-block-group-is-layout-flex\" style=\"margin-top:0;margin-bottom:0;padding-top:0;padding-bottom:0\"><h2 class=\"make-card-link wp-block-post-title has-large-font-size\"><a href=\"https:\/\/icpraha.com\/uk\/akce\/webinar-jak-ziskat-ceske-obcanstvi\" target=\"_self\" >Webin\u00e1\u0159: Jak z\u00edskat \u010desk\u00e9 ob\u010danstv\u00ed\u00a0<\/a><\/h2>\n\n\n<div class=\"wp-block-group alignfull is-layout-flex wp-block-group-is-layout-flex\"><div class=\"is-display-inline-block is-acf-field wp-elements-72b7f5e06aad2c565e9e389ffacc89d5 wp-block-mfb-meta-field-block has-text-color has-custom-semi-black-color has-small-font-size\"><div class=\"prefix\">event<\/div><div class=\"value\">14. 05. 2026<\/div><\/div>\n\n\n\n<div class=\"is-display-inline-block is-acf-field wp-elements-6146c7fa87fe88b1603c0bd14be50f77 wp-block-mfb-meta-field-block has-text-color has-custom-semi-black-color has-small-font-size\"><div class=\"prefix\">schedule<\/div><div class=\"value\">18:00 &#8211; 20:00<\/div><\/div>\n\n<div class=\"is-display-inline-block is-acf-field wp-elements-088047ed91c95adfc816d39127efab84 wp-block-mfb-meta-field-block has-text-color has-custom-semi-black-color has-small-font-size\"><div class=\"prefix\">location_on<\/div><div class=\"value\">Online<\/div><\/div><\/div>\n<\/div>\n\n\n\n<p class=\"has-text-align-left no-wrap has-custom-black-color has-custom-secondary-background-color has-text-color has-background has-link-color has-material-symbols-rounded-font-family has-medium-font-size wp-elements-42fa940ac6cbc0ebf6452683daa982cd\" style=\"border-radius:100%;padding-top:0.5rem;padding-right:0.5rem;padding-bottom:0.5rem;padding-left:0.5rem;line-height:1\">arrow_forward<\/p>\n<\/div>\n\n<\/li><li class=\"wp-block-post post-8303 akce type-akce status-publish hentry\">\n\n<div class=\"wp-block-group is-style-section-1 is-vertical is-layout-flex wp-container-core-group-is-layout-c35747d5 wp-block-group-is-layout-flex is-style-section-1--6\">\n<div class=\"wp-block-group alignfull is-vertical is-layout-flex wp-container-core-group-is-layout-f3cf2045 wp-block-group-is-layout-flex\" style=\"margin-top:0;margin-bottom:0;padding-top:0;padding-bottom:0\"><h2 class=\"make-card-link wp-block-post-title has-large-font-size\"><a href=\"https:\/\/icpraha.com\/uk\/akce\/introduction-to-3d-design-blender\" target=\"_self\" >\u041a\u0430\u0440\u2019\u0454\u0440\u0430 \u0432 \u0427\u0435\u0445\u0456\u0457 \u0431\u0435\u0437 \u00ab\u043f\u043e\u0447\u0430\u0442\u043a\u0443 \u0437 \u043d\u0443\u043b\u044f\u00bb<\/a><\/h2>\n\n\n<div class=\"wp-block-group alignfull is-layout-flex wp-block-group-is-layout-flex\"><div class=\"is-display-inline-block is-acf-field wp-elements-72b7f5e06aad2c565e9e389ffacc89d5 wp-block-mfb-meta-field-block has-text-color has-custom-semi-black-color has-small-font-size\"><div class=\"prefix\">event<\/div><div class=\"value\">14. 05. 2026<\/div><\/div>\n\n\n\n<div class=\"is-display-inline-block is-acf-field wp-elements-6146c7fa87fe88b1603c0bd14be50f77 wp-block-mfb-meta-field-block has-text-color has-custom-semi-black-color has-small-font-size\"><div class=\"prefix\">schedule<\/div><div class=\"value\">16:30 &#8211; 18:30<\/div><\/div>\n\n<div class=\"is-display-inline-block is-acf-field wp-elements-088047ed91c95adfc816d39127efab84 wp-block-mfb-meta-field-block has-text-color has-custom-semi-black-color has-small-font-size\"><div class=\"prefix\">location_on<\/div><div class=\"value\">Online \u0437\u0443\u0441\u0442\u0440\u0456\u0447 \u0432 Zoom<\/div><\/div><\/div>\n<\/div>\n\n\n\n<p class=\"has-text-align-left no-wrap has-custom-black-color has-custom-secondary-background-color has-text-color has-background has-link-color has-material-symbols-rounded-font-family has-medium-font-size wp-elements-42fa940ac6cbc0ebf6452683daa982cd\" style=\"border-radius:100%;padding-top:0.5rem;padding-right:0.5rem;padding-bottom:0.5rem;padding-left:0.5rem;line-height:1\">arrow_forward<\/p>\n<\/div>\n\n<\/li><li class=\"wp-block-post post-6462 akce type-akce status-publish hentry\">\n\n<div class=\"wp-block-group is-style-section-1 is-vertical is-layout-flex wp-container-core-group-is-layout-c35747d5 wp-block-group-is-layout-flex is-style-section-1--7\">\n<div class=\"wp-block-group alignfull is-vertical is-layout-flex wp-container-core-group-is-layout-f3cf2045 wp-block-group-is-layout-flex\" style=\"margin-top:0;margin-bottom:0;padding-top:0;padding-bottom:0\"><h2 class=\"make-card-link wp-block-post-title has-large-font-size\"><a href=\"https:\/\/icpraha.com\/uk\/akce\/popovidejme-si-cesky\" target=\"_self\" >Popov\u00eddejme si \u010desky<\/a><\/h2>\n\n\n<div class=\"wp-block-group alignfull is-layout-flex wp-block-group-is-layout-flex\"><div class=\"is-display-inline-block is-acf-field wp-elements-72b7f5e06aad2c565e9e389ffacc89d5 wp-block-mfb-meta-field-block has-text-color has-custom-semi-black-color has-small-font-size\"><div class=\"prefix\">event<\/div><div class=\"value\">12. 05. 2026<\/div><\/div>\n\n<div class=\"is-display-inline-block is-acf-field wp-elements-d30a549be49c1d113477b436cbfd3418 wp-block-mfb-meta-field-block has-text-color has-custom-semi-black-color has-small-font-size\"><div class=\"prefix\">event<\/div><div class=\"value\">26. 05. 2026<\/div><\/div>\n\n<div class=\"is-display-inline-block is-acf-field wp-elements-6146c7fa87fe88b1603c0bd14be50f77 wp-block-mfb-meta-field-block has-text-color has-custom-semi-black-color has-small-font-size\"><div class=\"prefix\">schedule<\/div><div class=\"value\">19:15 &#8211; 21:00<\/div><\/div>\n\n<div class=\"is-display-inline-block is-acf-field wp-elements-088047ed91c95adfc816d39127efab84 wp-block-mfb-meta-field-block has-text-color has-custom-semi-black-color has-small-font-size\"><div class=\"prefix\">location_on<\/div><div class=\"value\">Online<\/div><\/div><\/div>\n<\/div>\n\n\n\n<p class=\"has-text-align-left no-wrap has-custom-black-color has-custom-secondary-background-color has-text-color has-background has-link-color has-material-symbols-rounded-font-family has-medium-font-size wp-elements-42fa940ac6cbc0ebf6452683daa982cd\" style=\"border-radius:100%;padding-top:0.5rem;padding-right:0.5rem;padding-bottom:0.5rem;padding-left:0.5rem;line-height:1\">arrow_forward<\/p>\n<\/div>\n\n<\/li><li class=\"wp-block-post post-8307 akce type-akce status-publish hentry\">\n\n<div class=\"wp-block-group is-style-section-1 is-vertical is-layout-flex wp-container-core-group-is-layout-c35747d5 wp-block-group-is-layout-flex is-style-section-1--8\">\n<div class=\"wp-block-group alignfull is-vertical is-layout-flex wp-container-core-group-is-layout-f3cf2045 wp-block-group-is-layout-flex\" style=\"margin-top:0;margin-bottom:0;padding-top:0;padding-bottom:0\"><h2 class=\"make-card-link wp-block-post-title has-large-font-size\"><a href=\"https:\/\/icpraha.com\/uk\/akce\/career-workshops-series\" target=\"_self\" >Career Workshops series<\/a><\/h2>\n\n\n<div class=\"wp-block-group alignfull is-layout-flex wp-block-group-is-layout-flex\"><div class=\"is-display-inline-block is-acf-field wp-elements-72b7f5e06aad2c565e9e389ffacc89d5 wp-block-mfb-meta-field-block has-text-color has-custom-semi-black-color has-small-font-size\"><div class=\"prefix\">event<\/div><div class=\"value\">15. 05. 2026<\/div><\/div>\n\n<div class=\"is-display-inline-block is-acf-field wp-elements-d30a549be49c1d113477b436cbfd3418 wp-block-mfb-meta-field-block has-text-color has-custom-semi-black-color has-small-font-size\"><div class=\"prefix\">event<\/div><div class=\"value\">29. 05. 2026<\/div><\/div>\n\n<div class=\"is-display-inline-block is-acf-field wp-elements-6146c7fa87fe88b1603c0bd14be50f77 wp-block-mfb-meta-field-block has-text-color has-custom-semi-black-color has-small-font-size\"><div class=\"prefix\">schedule<\/div><div class=\"value\">9:00\u201310:00<\/div><\/div>\n\n<div class=\"is-display-inline-block is-acf-field wp-elements-088047ed91c95adfc816d39127efab84 wp-block-mfb-meta-field-block has-text-color has-custom-semi-black-color has-small-font-size\"><div class=\"prefix\">location_on<\/div><div class=\"value\">\u017ditn\u00e1 51, Praha 1<\/div><\/div><\/div>\n<\/div>\n\n\n\n<p class=\"has-text-align-left no-wrap has-custom-black-color has-custom-secondary-background-color has-text-color has-background has-link-color has-material-symbols-rounded-font-family has-medium-font-size wp-elements-42fa940ac6cbc0ebf6452683daa982cd\" style=\"border-radius:100%;padding-top:0.5rem;padding-right:0.5rem;padding-bottom:0.5rem;padding-left:0.5rem;line-height:1\">arrow_forward<\/p>\n<\/div>\n\n<\/li><li class=\"wp-block-post post-5640 akce type-akce status-publish hentry\">\n\n<div class=\"wp-block-group is-style-section-1 is-vertical is-layout-flex wp-container-core-group-is-layout-c35747d5 wp-block-group-is-layout-flex is-style-section-1--9\">\n<div class=\"wp-block-group alignfull is-vertical is-layout-flex wp-container-core-group-is-layout-f3cf2045 wp-block-group-is-layout-flex\" style=\"margin-top:0;margin-bottom:0;padding-top:0;padding-bottom:0\"><h2 class=\"make-card-link wp-block-post-title has-large-font-size\"><a href=\"https:\/\/icpraha.com\/uk\/akce\/na-vylet-s-icp\" target=\"_self\" >Na v\u00fdlet s ICP: do labyrintu besednick\u00fdch skal a za v\u00fdhledy na Koz\u00e1kov<\/a><\/h2>\n\n\n<div class=\"wp-block-group alignfull is-layout-flex wp-block-group-is-layout-flex\"><div class=\"is-display-inline-block is-acf-field wp-elements-72b7f5e06aad2c565e9e389ffacc89d5 wp-block-mfb-meta-field-block has-text-color has-custom-semi-black-color has-small-font-size\"><div class=\"prefix\">event<\/div><div class=\"value\">16. 05. 2026<\/div><\/div>\n\n\n\n<div class=\"is-display-inline-block is-acf-field wp-elements-6146c7fa87fe88b1603c0bd14be50f77 wp-block-mfb-meta-field-block has-text-color has-custom-semi-black-color has-small-font-size\"><div class=\"prefix\">schedule<\/div><div class=\"value\">8:10 &#8211; 21:45<\/div><\/div>\n\n<div class=\"is-display-inline-block is-acf-field wp-elements-088047ed91c95adfc816d39127efab84 wp-block-mfb-meta-field-block has-text-color has-custom-semi-black-color has-small-font-size\"><div class=\"prefix\">location_on<\/div><div class=\"value\">Praha, Hlavn\u00ed n\u00e1dra\u017e\u00ed<\/div><\/div><\/div>\n<\/div>\n\n\n\n<p class=\"has-text-align-left no-wrap has-custom-black-color has-custom-secondary-background-color has-text-color has-background has-link-color has-material-symbols-rounded-font-family has-medium-font-size wp-elements-42fa940ac6cbc0ebf6452683daa982cd\" style=\"border-radius:100%;padding-top:0.5rem;padding-right:0.5rem;padding-bottom:0.5rem;padding-left:0.5rem;line-height:1\">arrow_forward<\/p>\n<\/div>\n\n<\/li><li class=\"wp-block-post post-8327 akce type-akce status-publish hentry\">\n\n<div class=\"wp-block-group is-style-section-1 is-vertical is-layout-flex wp-container-core-group-is-layout-c35747d5 wp-block-group-is-layout-flex is-style-section-1--10\">\n<div class=\"wp-block-group alignfull is-vertical is-layout-flex wp-container-core-group-is-layout-f3cf2045 wp-block-group-is-layout-flex\" style=\"margin-top:0;margin-bottom:0;padding-top:0;padding-bottom:0\"><h2 class=\"make-card-link wp-block-post-title has-large-font-size\"><a href=\"https:\/\/icpraha.com\/uk\/akce\/cozy-evening\" target=\"_self\" >Cozy evening<\/a><\/h2>\n\n\n<div class=\"wp-block-group alignfull is-layout-flex wp-block-group-is-layout-flex\"><div class=\"is-display-inline-block is-acf-field wp-elements-72b7f5e06aad2c565e9e389ffacc89d5 wp-block-mfb-meta-field-block has-text-color has-custom-semi-black-color has-small-font-size\"><div class=\"prefix\">event<\/div><div class=\"value\">18. 05. 2026<\/div><\/div>\n\n\n\n<div class=\"is-display-inline-block is-acf-field wp-elements-6146c7fa87fe88b1603c0bd14be50f77 wp-block-mfb-meta-field-block has-text-color has-custom-semi-black-color has-small-font-size\"><div class=\"prefix\">schedule<\/div><div class=\"value\">17:00-18:30<\/div><\/div>\n\n<div class=\"is-display-inline-block is-acf-field wp-elements-088047ed91c95adfc816d39127efab84 wp-block-mfb-meta-field-block has-text-color has-custom-semi-black-color has-small-font-size\"><div class=\"prefix\">location_on<\/div><div class=\"value\">Petra Rezka 14, Praha 4 <\/div><\/div><\/div>\n<\/div>\n\n\n\n<p class=\"has-text-align-left no-wrap has-custom-black-color has-custom-secondary-background-color has-text-color has-background has-link-color has-material-symbols-rounded-font-family has-medium-font-size wp-elements-42fa940ac6cbc0ebf6452683daa982cd\" style=\"border-radius:100%;padding-top:0.5rem;padding-right:0.5rem;padding-bottom:0.5rem;padding-left:0.5rem;line-height:1\">arrow_forward<\/p>\n<\/div>\n\n<\/li><\/ul>\n\n\n<div class=\"wp-block-group has-global-padding is-layout-constrained wp-block-group-is-layout-constrained\"><nav class=\"wp-block-query-pagination is-content-justification-center is-layout-flex wp-container-core-query-pagination-is-layout-a89b3969 wp-block-query-pagination-is-layout-flex\" aria-label=\"\u041f\u043e\u0434\u0456\u043b \u043d\u0430 \u0441\u0442\u043e\u0440\u0456\u043d\u043a\u0438\">\n\n\n<div class=\"wp-block-query-pagination-numbers\"><span aria-current=\"page\" class=\"page-numbers current\">1<\/span>\n<a class=\"page-numbers\" href=\"?query-2-page=2\">2<\/a><\/div>\n\n<a href=\"\/uk\/wp-json\/wp\/v2\/pages\/5444?query-2-page=2\" class=\"wp-block-query-pagination-next\">\u041d\u0430\u0441\u0442\u0443\u043f\u043d\u0430 \u0441\u0442\u043e\u0440\u0456\u043d\u043a\u0430<\/a>\n<\/nav>\n\n<\/div>\n<\/div>\n","protected":false},"excerpt":{"rendered":"<p>Vzd\u011bl\u00e1vac\u00ed semin\u00e1\u0159e, jazykov\u00e9 kluby i nejr\u016fzn\u011bj\u0161\u00ed komunitn\u00ed aktivity &#8211; pod\u00edvejte se aktu\u00e1ln\u00ed kalend\u00e1\u0159 ud\u00e1lost\u00ed.<\/p>\n","protected":false},"author":1,"featured_media":0,"parent":0,"menu_order":0,"comment_status":"closed","ping_status":"closed","template":"","meta":{"_acf_changed":false,"footnotes":""},"tags":[406],"class_list":["post-5444","page","type-page","status-publish","hentry","tag-406"],"acf":{"ikona":{"simple_value_formatted":"today","value_formatted":"today","value":"today","field":{"ID":343,"key":"field_686ca7a5714ec","label":"Ikona","name":"ikona","aria-label":"","prefix":"acf","type":"text","value":null,"menu_order":0,"instructions":"","required":1,"id":"","class":"","conditional_logic":0,"parent":342,"wrapper":{"width":"","class":"","id":""},"default_value":"interests","maxlength":"","allow_in_bindings":0,"placeholder":"","prepend":"","append":"","_name":"ikona","_valid":1}}},"mb":[],"mfb_rest_fields":["title"],"_links":{"self":[{"href":"https:\/\/icpraha.com\/uk\/wp-json\/wp\/v2\/pages\/5444","targetHints":{"allow":["GET"]}}],"collection":[{"href":"https:\/\/icpraha.com\/uk\/wp-json\/wp\/v2\/pages"}],"about":[{"href":"https:\/\/icpraha.com\/uk\/wp-json\/wp\/v2\/types\/page"}],"author":[{"embeddable":true,"href":"https:\/\/icpraha.com\/uk\/wp-json\/wp\/v2\/users\/1"}],"replies":[{"embeddable":true,"href":"https:\/\/icpraha.com\/uk\/wp-json\/wp\/v2\/comments?post=5444"}],"version-history":[{"count":0,"href":"https:\/\/icpraha.com\/uk\/wp-json\/wp\/v2\/pages\/5444\/revisions"}],"wp:attachment":[{"href":"https:\/\/icpraha.com\/uk\/wp-json\/wp\/v2\/media?parent=5444"}],"wp:term":[{"taxonomy":"post_tag","embeddable":true,"href":"https:\/\/icpraha.com\/uk\/wp-json\/wp\/v2\/tags?post=5444"}],"curies":[{"name":"wp","href":"https:\/\/api.w.org\/{rel}","templated":true}]}}